{"id":133,"date":"2015-12-14T08:52:59","date_gmt":"2015-12-14T07:52:59","guid":{"rendered":"http:\/\/knoeferl-orthopaedie.de\/wordpress\/?page_id=133"},"modified":"2023-02-15T18:54:39","modified_gmt":"2023-02-15T17:54:39","slug":"spektrum","status":"publish","type":"page","link":"https:\/\/knoeferl-orthopaedie.de\/?page_id=133","title":{"rendered":"Spektrum"},"content":{"rendered":"<h4>Konservative Orthop\u00e4die<\/h4>\n<pre>Volldigitale R\u00f6ntgendiagnostik<\/pre>\n<pre>Ultraschalldiagnostik<\/pre>\n<pre>Behandlung von degenerativen oder entz\u00fcndlichen Erkrankungen des Bewegungsapparates \nArthrosebehandlung, Injektionsbehandlung, Neuraltherapie.<\/pre>\n<hr \/>\n<h4>Als individuelle Gesundheitsleistungen werden angeboten<\/h4>\n<pre>Sto\u00dfwellentherapie, Triggerpunktbehandlung, Magnetfeldtherapie, \nOsteoporosediagnostik mit Knochendichtemessung, Kinesiotaping, \nArthrosebehandlung mit Hyalurons\u00e4ure.<\/pre>\n<hr \/>\n<h4>Unfallchirurgie<\/h4>\n<p>Beratung, Nachbehandlung, konservative Behandlung von Verletzungen<\/p>\n","protected":false},"excerpt":{"rendered":"<p>Konservative Orthop\u00e4die Volldigitale R\u00f6ntgendiagnostik Ultraschalldiagnostik Behandlung von degenerativen oder entz\u00fcndlichen Erkrankungen des Bewegungsapparates Arthrosebehandlung, Injektionsbehandlung, Neuraltherapie. Als individuelle Gesundheitsleistungen werden angeboten Sto\u00dfwellentherapie, Triggerpunktbehandlung, Magnetfeldtherapie, Osteoporosediagnostik mit Knochendichtemessung, Kinesiotaping, Arthrosebehandlung mit Hyalurons\u00e4ure. Unfallchirurgie Beratung, Nachbehandlung, konservative Behandlung von Verletzungen<\/p>\n","protected":false},"author":1,"featured_media":0,"parent":0,"menu_order":3,"comment_status":"closed","ping_status":"closed","template":"","meta":[],"_links":{"self":[{"href":"https:\/\/knoeferl-orthopaedie.de\/index.php?rest_route=\/wp\/v2\/pages\/133"}],"collection":[{"href":"https:\/\/knoeferl-orthopaedie.de\/index.php?rest_route=\/wp\/v2\/pages"}],"about":[{"href":"https:\/\/knoeferl-orthopaedie.de\/index.php?rest_route=\/wp\/v2\/types\/page"}],"author":[{"embeddable":true,"href":"https:\/\/knoeferl-orthopaedie.de\/index.php?rest_route=\/wp\/v2\/users\/1"}],"replies":[{"embeddable":true,"href":"https:\/\/knoeferl-orthopaedie.de\/index.php?rest_route=%2Fwp%2Fv2%2Fcomments&post=133"}],"version-history":[{"count":19,"href":"https:\/\/knoeferl-orthopaedie.de\/index.php?rest_route=\/wp\/v2\/pages\/133\/revisions"}],"predecessor-version":[{"id":190,"href":"https:\/\/knoeferl-orthopaedie.de\/index.php?rest_route=\/wp\/v2\/pages\/133\/revisions\/190"}],"wp:attachment":[{"href":"https:\/\/knoeferl-orthopaedie.de\/index.php?rest_route=%2Fwp%2Fv2%2Fmedia&parent=133"}],"curies":[{"name":"wp","href":"https:\/\/api.w.org\/{rel}","templated":true}]}}