{"id":17,"date":"2015-12-08T17:22:26","date_gmt":"2015-12-08T16:22:26","guid":{"rendered":"http:\/\/knoeferl-orthopaedie.de\/wordpress\/?page_id=17"},"modified":"2015-12-16T10:01:42","modified_gmt":"2015-12-16T09:01:42","slug":"impressum","status":"publish","type":"page","link":"https:\/\/knoeferl-orthopaedie.de\/?page_id=17","title":{"rendered":"Impressum"},"content":{"rendered":"<h3><span style=\"color: #333333;\"><strong>Prof. Dr. med. Markus Kn\u00f6ferl<\/strong><\/span><\/h3>\n<h5><span style=\"color: #71b238;\">Facharzt f\u00fcr Orthop\u00e4die und Unfallchirurgie<\/span><\/h5>\n<h5><span style=\"color: #71b238;\">Chirurgie, spezielle Unfallchirurgie, Handchirurgie<\/span><\/h5>\n<p style=\"text-align: left;\"><span style=\"color: #333333;\">Augsburger Stra\u00dfe 1A<\/span><\/p>\n<p style=\"text-align: left;\"><span style=\"color: #333333;\">Tel:\u00a0 0731 \/ 92 60 44 88<\/span><\/p>\n<p style=\"text-align: left;\"><span style=\"color: #333333;\">Fax:\u00a0 0731 \/ 92 60 44 89<\/span><\/p>\n<p style=\"text-align: left;\"><span style=\"color: #333333;\">Email: \u00a0 <a style=\"color: #333333;\" href=\"mailto:info@knoeferl-orthopaedie.de\">info@knoeferl-orthopaedie.de<\/a><\/span><\/p>\n<hr \/>\n<p style=\"text-align: left;\">Alle Kassen<\/p>\n<hr \/>\n<p style=\"text-align: left;\"><span style=\"color: #333333;\">Zust\u00e4ndige Aufsichtsbeh\u00f6rde:<\/span><\/p>\n<p style=\"text-align: left;\"><span style=\"color: #333333;\">Kassen\u00e4rztliche Vereinigung Bayerns<\/span><\/p>\n<p style=\"text-align: left;\"><span style=\"color: #333333;\">Elsenheimerstr. 39<\/span><\/p>\n<p style=\"text-align: left;\"><span style=\"color: #333333;\">80687 M\u00fcnchen<\/span><\/p>\n<hr \/>\n<p style=\"text-align: left;\"><span style=\"color: #333333;\">Zust\u00e4ndige \u00c4rztekammer:<\/span><\/p>\n<p style=\"text-align: left;\"><span style=\"color: #333333;\">Bayerische Landes\u00e4rztekammer<\/span><\/p>\n<p style=\"text-align: left;\"><span style=\"color: #333333;\">M\u00fchlbauerstr. 16<\/span><\/p>\n<p style=\"text-align: left;\">81677 M\u00fcnchen<\/p>\n<hr \/>\n<p style=\"text-align: left;\">Pflichtangaben nach \u00a7 5 Telemediengesetz<\/p>\n","protected":false},"excerpt":{"rendered":"<p>Prof. Dr. med. Markus Kn\u00f6ferl Facharzt f\u00fcr Orthop\u00e4die und Unfallchirurgie Chirurgie, spezielle Unfallchirurgie, Handchirurgie Augsburger Stra\u00dfe 1A Tel:\u00a0 0731 \/ 92 60 44 88 Fax:\u00a0 0731 \/ 92 60 44 89 Email: \u00a0 info@knoeferl-orthopaedie.de Alle Kassen Zust\u00e4ndige Aufsichtsbeh\u00f6rde: Kassen\u00e4rztliche Vereinigung Bayerns Elsenheimerstr. 39 80687 M\u00fcnchen Zust\u00e4ndige \u00c4rztekammer: Bayerische Landes\u00e4rztekammer M\u00fchlbauerstr. 16 81677 M\u00fcnchen Pflichtangaben nach [&hellip;]<\/p>\n","protected":false},"author":1,"featured_media":0,"parent":0,"menu_order":6,"comment_status":"closed","ping_status":"closed","template":"","meta":[],"_links":{"self":[{"href":"https:\/\/knoeferl-orthopaedie.de\/index.php?rest_route=\/wp\/v2\/pages\/17"}],"collection":[{"href":"https:\/\/knoeferl-orthopaedie.de\/index.php?rest_route=\/wp\/v2\/pages"}],"about":[{"href":"https:\/\/knoeferl-orthopaedie.de\/index.php?rest_route=\/wp\/v2\/types\/page"}],"author":[{"embeddable":true,"href":"https:\/\/knoeferl-orthopaedie.de\/index.php?rest_route=\/wp\/v2\/users\/1"}],"replies":[{"embeddable":true,"href":"https:\/\/knoeferl-orthopaedie.de\/index.php?rest_route=%2Fwp%2Fv2%2Fcomments&post=17"}],"version-history":[{"count":22,"href":"https:\/\/knoeferl-orthopaedie.de\/index.php?rest_route=\/wp\/v2\/pages\/17\/revisions"}],"predecessor-version":[{"id":123,"href":"https:\/\/knoeferl-orthopaedie.de\/index.php?rest_route=\/wp\/v2\/pages\/17\/revisions\/123"}],"wp:attachment":[{"href":"https:\/\/knoeferl-orthopaedie.de\/index.php?rest_route=%2Fwp%2Fv2%2Fmedia&parent=17"}],"curies":[{"name":"wp","href":"https:\/\/api.w.org\/{rel}","templated":true}]}}