{"id":2,"date":"2014-04-09T14:43:37","date_gmt":"2014-04-09T13:43:37","guid":{"rendered":"http:\/\/knoeferl-orthopaedie.de\/wordpress\/?page_id=2"},"modified":"2022-08-29T12:28:02","modified_gmt":"2022-08-29T11:28:02","slug":"beispiel-seite","status":"publish","type":"page","link":"https:\/\/knoeferl-orthopaedie.de\/?page_id=2","title":{"rendered":"Handchirurgie"},"content":{"rendered":"<p><span style=\"color: #333333;\">Wenn m\u00f6glich, wird die konservative Behandlung der folgenden Erkrankungen angestrebt. Falls n\u00f6tig kann auch die operative Therapie durchgef\u00fchrt werden, meist als ambulanter Eingriff.<\/span><\/p>\n<p>&nbsp;<\/p>\n<p>Arthrose von Grundgelenk, Mittelgelenk oder Endgelenk der Finger<\/p>\n<hr>\n<p><span style=\"color: #000000;\">Arthrose Sattelgelenk am Daumen (Rhizarthrose), Handgelenksarthrose<\/span><\/p>\n<hr>\n<p><span style=\"color: #000000;\">Sehnenscheidenentz\u00fcndungen (Beugesehnen, Strecksehnen)<\/span><\/p>\n<hr>\n<p><span style=\"color: #000000;\">Schnappfinger, also Enge und Entz\u00fcndung am A1-Ringband mit Schmerzen in der Hohlhand<\/span><\/p>\n<hr>\n<p><span style=\"color: #000000;\">Morbus Dupuytren, also Gewebeverh\u00e4rtung und Verk\u00fcrzung mit Bewegungseinschr\u00e4nkung der Finger<\/span><\/p>\n<hr>\n<p><span style=\"color: #000000;\">\u00dcberbein (Ganglion), also Ausst\u00fclpung der Gelenkkapsel am Handgelenk oder den Fingergelenken<\/span><\/p>\n<p><span style=\"color: #000000;\">Handgelenksganglion, Mittelgelenksganglion, Endgelenksganglion, Ringbandganglion<\/span><\/p>\n<hr>\n<p><span style=\"color: #000000;\">Nervenkompressionssyndrome, also Druck auf Nerven mit Gef\u00fchlsst\u00f6rungen oder motorischen Ausf\u00e4llen, z.B. Karpaltunnelsyndrom, Sulcus ulnaris Syndrom, Loge de Guyon Syndrom<\/span><\/p>\n<hr>\n<p><span style=\"color: #000000;\">Tumoroperationen<strong>:<\/strong> Hauttumor, Weichteiltumor.<\/span><\/p>\n<hr>\n<p><span style=\"color: #000000;\">Metallentfernung<\/span><\/p>\n","protected":false},"excerpt":{"rendered":"<p>Wenn m\u00f6glich, wird die konservative Behandlung der folgenden Erkrankungen angestrebt. Falls n\u00f6tig kann auch die operative Therapie durchgef\u00fchrt werden, meist als ambulanter Eingriff. &nbsp; Arthrose von Grundgelenk, Mittelgelenk oder Endgelenk der Finger Arthrose Sattelgelenk am Daumen (Rhizarthrose), Handgelenksarthrose Sehnenscheidenentz\u00fcndungen (Beugesehnen, Strecksehnen) Schnappfinger, also Enge und Entz\u00fcndung am A1-Ringband mit Schmerzen in der Hohlhand Morbus Dupuytren, [&hellip;]<\/p>\n","protected":false},"author":1,"featured_media":0,"parent":0,"menu_order":5,"comment_status":"closed","ping_status":"closed","template":"","meta":[],"_links":{"self":[{"href":"https:\/\/knoeferl-orthopaedie.de\/index.php?rest_route=\/wp\/v2\/pages\/2"}],"collection":[{"href":"https:\/\/knoeferl-orthopaedie.de\/index.php?rest_route=\/wp\/v2\/pages"}],"about":[{"href":"https:\/\/knoeferl-orthopaedie.de\/index.php?rest_route=\/wp\/v2\/types\/page"}],"author":[{"embeddable":true,"href":"https:\/\/knoeferl-orthopaedie.de\/index.php?rest_route=\/wp\/v2\/users\/1"}],"replies":[{"embeddable":true,"href":"https:\/\/knoeferl-orthopaedie.de\/index.php?rest_route=%2Fwp%2Fv2%2Fcomments&post=2"}],"version-history":[{"count":23,"href":"https:\/\/knoeferl-orthopaedie.de\/index.php?rest_route=\/wp\/v2\/pages\/2\/revisions"}],"predecessor-version":[{"id":184,"href":"https:\/\/knoeferl-orthopaedie.de\/index.php?rest_route=\/wp\/v2\/pages\/2\/revisions\/184"}],"wp:attachment":[{"href":"https:\/\/knoeferl-orthopaedie.de\/index.php?rest_route=%2Fwp%2Fv2%2Fmedia&parent=2"}],"curies":[{"name":"wp","href":"https:\/\/api.w.org\/{rel}","templated":true}]}}