{"id":8,"date":"2015-12-08T17:20:25","date_gmt":"2015-12-08T15:20:25","guid":{"rendered":"http:\/\/knoeferl-orthopaedie.de\/wordpress\/?page_id=8"},"modified":"2016-10-13T14:35:55","modified_gmt":"2016-10-13T13:35:55","slug":"ueber-uns","status":"publish","type":"page","link":"https:\/\/knoeferl-orthopaedie.de\/?page_id=8","title":{"rendered":"Praxis"},"content":{"rendered":"<h4 style=\"text-align: left;\"><span style=\"color: #71b238;\"><strong>Praxis f\u00fcr Orthop\u00e4die und Handchirurgie<\/strong><\/span><\/h4>\n<h4 style=\"text-align: left;\"><span style=\"color: #71b238;\"><strong>Prof. Dr. med. Markus Kn\u00f6ferl<\/strong><\/span><\/h4>\n<p style=\"text-align: left;\"><span style=\"color: #333333;\">Facharzt f\u00fcr Orthop\u00e4die und Unfallchirurgie<\/span><\/p>\n<p style=\"text-align: left;\"><span style=\"color: #333333;\">Chirurgie, spezielle Unfallchirurgie<\/span><\/p>\n<p style=\"text-align: left;\"><span style=\"color: #333333;\">Handchirurgie<\/span><\/p>\n<hr \/>\n<p style=\"text-align: left;\"><span style=\"color: #333333;\">Alle Kassen<\/span><\/p>\n<hr \/>\n<p style=\"text-align: left;\"><span style=\"color: #333333;\">Augsburger Stra\u00dfe 1A<\/span><\/p>\n<p style=\"text-align: left;\"><span style=\"color: #333333;\">Tel:\u00a0 0731 \/ 92 60 44 88<\/span><\/p>\n<p style=\"text-align: left;\"><span style=\"color: #333333;\">Tel:\u00a0 0731<\/span> \/ 92 60 44 99 (Anmeldung Privatsprechstunde)<\/p>\n<p style=\"text-align: left;\"><span style=\"color: #333333;\">Fax:\u00a0 0731 \/ 92 60 44 89<\/span><\/p>\n<p style=\"text-align: left;\"><span style=\"color: #333333;\">Email: \u00a0 info@knoeferl-orthopaedie.de<\/span><\/p>\n<p style=\"text-align: left;\"><\/p>\n","protected":false},"excerpt":{"rendered":"<p>Praxis f\u00fcr Orthop\u00e4die und Handchirurgie Prof. Dr. med. Markus Kn\u00f6ferl Facharzt f\u00fcr Orthop\u00e4die und Unfallchirurgie Chirurgie, spezielle Unfallchirurgie Handchirurgie Alle Kassen Augsburger Stra\u00dfe 1A Tel:\u00a0 0731 \/ 92 60 44 88 Tel:\u00a0 0731 \/ 92 60 44 99 (Anmeldung Privatsprechstunde) Fax:\u00a0 0731 \/ 92 60 44 89 Email: \u00a0 info@knoeferl-orthopaedie.de<\/p>\n","protected":false},"author":1,"featured_media":0,"parent":0,"menu_order":0,"comment_status":"closed","ping_status":"closed","template":"","meta":[],"_links":{"self":[{"href":"https:\/\/knoeferl-orthopaedie.de\/index.php?rest_route=\/wp\/v2\/pages\/8"}],"collection":[{"href":"https:\/\/knoeferl-orthopaedie.de\/index.php?rest_route=\/wp\/v2\/pages"}],"about":[{"href":"https:\/\/knoeferl-orthopaedie.de\/index.php?rest_route=\/wp\/v2\/types\/page"}],"author":[{"embeddable":true,"href":"https:\/\/knoeferl-orthopaedie.de\/index.php?rest_route=\/wp\/v2\/users\/1"}],"replies":[{"embeddable":true,"href":"https:\/\/knoeferl-orthopaedie.de\/index.php?rest_route=%2Fwp%2Fv2%2Fcomments&post=8"}],"version-history":[{"count":18,"href":"https:\/\/knoeferl-orthopaedie.de\/index.php?rest_route=\/wp\/v2\/pages\/8\/revisions"}],"predecessor-version":[{"id":166,"href":"https:\/\/knoeferl-orthopaedie.de\/index.php?rest_route=\/wp\/v2\/pages\/8\/revisions\/166"}],"wp:attachment":[{"href":"https:\/\/knoeferl-orthopaedie.de\/index.php?rest_route=%2Fwp%2Fv2%2Fmedia&parent=8"}],"curies":[{"name":"wp","href":"https:\/\/api.w.org\/{rel}","templated":true}]}}